{"id":72,"date":"2022-02-18T15:10:26","date_gmt":"2022-02-18T20:10:26","guid":{"rendered":"http:\/\/lucpouliot.com\/?page_id=72"},"modified":"2025-12-05T14:37:34","modified_gmt":"2025-12-05T19:37:34","slug":"bio","status":"publish","type":"page","link":"https:\/\/lucpouliot.com\/?page_id=72","title":{"rendered":"Qui suis-je?"},"content":{"rendered":"\t\t<div data-elementor-type=\"wp-page\" data-elementor-id=\"72\" class=\"elementor elementor-72\" data-elementor-post-type=\"page\">\n\t\t\t\t<div class=\"elementor-element elementor-element-2d8971f e-flex e-con-boxed e-con e-parent\" data-id=\"2d8971f\" data-element_type=\"container\" data-e-type=\"container\">\n\t\t\t\t\t<div class=\"e-con-inner\">\n\t\t\t\t<div class=\"elementor-element elementor-element-4234af7 elementor-widget elementor-widget-heading\" data-id=\"4234af7\" data-element_type=\"widget\" data-e-type=\"widget\" data-widget_type=\"heading.default\">\n\t\t\t\t<div class=\"elementor-widget-container\">\n\t\t\t\t\t<h3 class=\"elementor-heading-title elementor-size-default\">Une personnalit\u00e9 aux multiples facettes<\/h3>\t\t\t\t<\/div>\n\t\t\t\t<\/div>\n\t\t\t\t\t<\/div>\n\t\t\t\t<\/div>\n\t\t\t\t<section class=\"elementor-section elementor-top-section elementor-element elementor-element-42e68a6 elementor-section-boxed elementor-section-height-default elementor-section-height-default\" data-id=\"42e68a6\" data-element_type=\"section\" data-e-type=\"section\">\n\t\t\t\t\t\t<div class=\"elementor-container elementor-column-gap-default\">\n\t\t\t\t\t<div class=\"elementor-column elementor-col-100 elementor-top-column elementor-element elementor-element-d71af79\" data-id=\"d71af79\" data-element_type=\"column\" data-e-type=\"column\">\n\t\t\t<div class=\"elementor-widget-wrap elementor-element-populated\">\n\t\t\t\t\t\t<div class=\"elementor-element elementor-element-51ea68c elementor-widget elementor-widget-image\" data-id=\"51ea68c\" data-element_type=\"widget\" data-e-type=\"widget\" data-widget_type=\"image.default\">\n\t\t\t\t<div class=\"elementor-widget-container\">\n\t\t\t\t\t\t\t\t\t\t\t\t\t\t\t<img fetchpriority=\"high\" decoding=\"async\" width=\"819\" height=\"546\" src=\"https:\/\/lucpouliot.com\/wp-content\/uploads\/2022\/02\/0O0A9630-Modifier.jpg\" class=\"attachment-large size-large wp-image-195\" alt=\"\" \/>\t\t\t\t\t\t\t\t\t\t\t\t\t\t\t<\/div>\n\t\t\t\t<\/div>\n\t\t\t\t\t<\/div>\n\t\t<\/div>\n\t\t\t\t\t<\/div>\n\t\t<\/section>\n\t\t<div class=\"elementor-element elementor-element-acae227 e-flex e-con-boxed e-con e-parent\" data-id=\"acae227\" data-element_type=\"container\" data-e-type=\"container\">\n\t\t\t\t\t<div class=\"e-con-inner\">\n\t\t\t\t<div class=\"elementor-element elementor-element-606c1d0 elementor-widget elementor-widget-text-editor\" data-id=\"606c1d0\" data-element_type=\"widget\" data-e-type=\"widget\" data-widget_type=\"text-editor.default\">\n\t\t\t\t<div class=\"elementor-widget-container\">\n\t\t\t\t\t\t\t\t\t<p class=\"MsoNormal\" style=\"margin: 0cm 0cm 15pt; font-size: medium; font-family: Calibri, sans-serif; caret-color: #000000; color: #000000; letter-spacing: normal;\"><span style=\"font-size: 14pt;\">J\u2019ai d\u00e9couvert la photographie au c\u00e9gep Lionel-Groulx, au milieu des ann\u00e9es 1980, \u00e0 l\u2019\u00e9poque de l\u2019argentique et des chambres noires. Cette exp\u00e9rience a \u00e9t\u00e9 d\u00e9terminante, en m\u2019apprenant \u00e0 combiner rigueur technique et sensibilit\u00e9 visuelle \u2014 deux traits qui d\u00e9finissent encore ma pratique aujourd\u2019hui.<\/span><\/p>\n<p class=\"MsoNormal\" style=\"margin: 0cm 0cm 15pt; font-size: medium; font-family: Calibri, sans-serif; caret-color: #000000; color: #000000; letter-spacing: normal;\"><span style=\"font-size: 14pt;\">Apr\u00e8s pr\u00e8s de 20 ans \u00e0 Montr\u00e9al, mon retour en banlieue en 2015 a raviv\u00e9 ma passion. En renouant avec la nature et les grands espaces, j\u2019ai trouv\u00e9 une nouvelle inspiration et me suis progressivement orient\u00e9 vers la macrophotographie, avec un int\u00e9r\u00eat particulier pour l\u2019univers des insectes.<\/span><\/p>\n<img decoding=\"async\" class=\"alignleft wp-image-2244 size-medium\" src=\"https:\/\/lucpouliot.com\/wp-content\/uploads\/2025\/12\/LPouliot2025-300x300.jpg\" alt=\"\" width=\"250\" height=\"250\" srcset=\"https:\/\/lucpouliot.com\/wp-content\/uploads\/2025\/12\/LPouliot2025-300x300.jpg 300w, https:\/\/lucpouliot.com\/wp-content\/uploads\/2025\/12\/LPouliot2025-150x150.jpg 150w, https:\/\/lucpouliot.com\/wp-content\/uploads\/2025\/12\/LPouliot2025.jpg 500w\" sizes=\"(max-width: 250px) 100vw, 250px\" \/>\n<p class=\"MsoNormal\" style=\"margin: 0cm 0cm 15pt; font-size: medium; font-family: Calibri, sans-serif; caret-color: #000000; color: #000000; letter-spacing: normal;\"><span style=\"font-size: 14pt;\">Explorer ce monde minuscule me permet de r\u00e9v\u00e9ler des formes, des textures et des comportements souvent imperceptibles \u00e0 l\u2019\u0153il nu.<\/span><\/p>\n<p class=\"MsoNormal\" style=\"margin: 0cm 0cm 15pt; font-size: medium; font-family: Calibri, sans-serif; caret-color: #000000; color: #000000; letter-spacing: normal;\"><span style=\"font-size: 14pt;\">Curieux et autodidacte, je me suis perfectionn\u00e9 gr\u00e2ce \u00e0 un \u00e9quipement sp\u00e9cialis\u00e9 et \u00e0 de nombreuses formations en prise de vue et en retouche. Mon approche cherche toujours un \u00e9quilibre entre pr\u00e9cision technique et expression cr\u00e9ative.<\/span><\/p>\n<p class=\"MsoNormal\" style=\"margin: 0cm 0cm 15pt; font-size: medium; font-family: Calibri, sans-serif; caret-color: #000000; color: #000000; letter-spacing: normal;\"><span style=\"font-size: 14pt;\">Depuis quelques ann\u00e9es, je partage mon exp\u00e9rience \u00e0 travers des formations priv\u00e9es, guidant les passionn\u00e9s qui souhaitent mieux comprendre leur appareil, apprivoiser la lumi\u00e8re et affiner leur regard. Mon travail continue de se concentrer sur la macrophotographie, avec le d\u00e9sir de rendre visible la beaut\u00e9, la diversit\u00e9 et la fragilit\u00e9 d\u2019un monde souvent ignor\u00e9.<\/span><\/p>\t\t\t\t\t\t\t\t<\/div>\n\t\t\t\t<\/div>\n\t\t\t\t\t<\/div>\n\t\t\t\t<\/div>\n\t\t\t\t<section class=\"elementor-section elementor-top-section elementor-element elementor-element-f8ee013 elementor-section-boxed elementor-section-height-default elementor-section-height-default\" data-id=\"f8ee013\" data-element_type=\"section\" data-e-type=\"section\" data-settings=\"{&quot;background_background&quot;:&quot;classic&quot;,&quot;shape_divider_top&quot;:&quot;mountains&quot;,&quot;shape_divider_bottom&quot;:&quot;mountains&quot;}\">\n\t\t\t\t\t<div class=\"elementor-shape elementor-shape-top\" aria-hidden=\"true\" data-negative=\"false\">\n\t\t\t<svg xmlns=\"http:\/\/www.w3.org\/2000\/svg\" viewBox=\"0 0 1000 100\" preserveAspectRatio=\"none\">\n\t<path class=\"elementor-shape-fill\" opacity=\"0.33\" d=\"M473,67.3c-203.9,88.3-263.1-34-320.3,0C66,119.1,0,59.7,0,59.7V0h1000v59.7 c0,0-62.1,26.1-94.9,29.3c-32.8,3.3-62.8-12.3-75.8-22.1C806,49.6,745.3,8.7,694.9,4.7S492.4,59,473,67.3z\"\/>\n\t<path class=\"elementor-shape-fill\" opacity=\"0.66\" d=\"M734,67.3c-45.5,0-77.2-23.2-129.1-39.1c-28.6-8.7-150.3-10.1-254,39.1 s-91.7-34.4-149.2,0C115.7,118.3,0,39.8,0,39.8V0h1000v36.5c0,0-28.2-18.5-92.1-18.5C810.2,18.1,775.7,67.3,734,67.3z\"\/>\n\t<path class=\"elementor-shape-fill\" d=\"M766.1,28.9c-200-57.5-266,65.5-395.1,19.5C242,1.8,242,5.4,184.8,20.6C128,35.8,132.3,44.9,89.9,52.5C28.6,63.7,0,0,0,0 h1000c0,0-9.9,40.9-83.6,48.1S829.6,47,766.1,28.9z\"\/>\n<\/svg>\t\t<\/div>\n\t\t\t\t<div class=\"elementor-shape elementor-shape-bottom\" aria-hidden=\"true\" data-negative=\"false\">\n\t\t\t<svg xmlns=\"http:\/\/www.w3.org\/2000\/svg\" viewBox=\"0 0 1000 100\" preserveAspectRatio=\"none\">\n\t<path class=\"elementor-shape-fill\" opacity=\"0.33\" d=\"M473,67.3c-203.9,88.3-263.1-34-320.3,0C66,119.1,0,59.7,0,59.7V0h1000v59.7 c0,0-62.1,26.1-94.9,29.3c-32.8,3.3-62.8-12.3-75.8-22.1C806,49.6,745.3,8.7,694.9,4.7S492.4,59,473,67.3z\"\/>\n\t<path class=\"elementor-shape-fill\" opacity=\"0.66\" d=\"M734,67.3c-45.5,0-77.2-23.2-129.1-39.1c-28.6-8.7-150.3-10.1-254,39.1 s-91.7-34.4-149.2,0C115.7,118.3,0,39.8,0,39.8V0h1000v36.5c0,0-28.2-18.5-92.1-18.5C810.2,18.1,775.7,67.3,734,67.3z\"\/>\n\t<path class=\"elementor-shape-fill\" d=\"M766.1,28.9c-200-57.5-266,65.5-395.1,19.5C242,1.8,242,5.4,184.8,20.6C128,35.8,132.3,44.9,89.9,52.5C28.6,63.7,0,0,0,0 h1000c0,0-9.9,40.9-83.6,48.1S829.6,47,766.1,28.9z\"\/>\n<\/svg>\t\t<\/div>\n\t\t\t\t\t<div class=\"elementor-container elementor-column-gap-default\">\n\t\t\t\t\t<div class=\"elementor-column elementor-col-33 elementor-top-column elementor-element elementor-element-6f5b0d3\" data-id=\"6f5b0d3\" data-element_type=\"column\" data-e-type=\"column\">\n\t\t\t<div class=\"elementor-widget-wrap elementor-element-populated\">\n\t\t\t\t\t\t<div class=\"elementor-element elementor-element-0ad7060 elementor-widget elementor-widget-text-editor\" data-id=\"0ad7060\" data-element_type=\"widget\" data-e-type=\"widget\" data-widget_type=\"text-editor.default\">\n\t\t\t\t<div class=\"elementor-widget-container\">\n\t\t\t\t\t\t\t\t\t<h6>Sainte-Th\u00e9r\u00e8se (Qu\u00e9bec)<\/h6><p>\u00a0<\/p>\t\t\t\t\t\t\t\t<\/div>\n\t\t\t\t<\/div>\n\t\t\t\t\t<\/div>\n\t\t<\/div>\n\t\t\t\t<div class=\"elementor-column elementor-col-33 elementor-top-column elementor-element elementor-element-359863d\" data-id=\"359863d\" data-element_type=\"column\" data-e-type=\"column\">\n\t\t\t<div class=\"elementor-widget-wrap elementor-element-populated\">\n\t\t\t\t\t\t\t<\/div>\n\t\t<\/div>\n\t\t\t\t<div class=\"elementor-column elementor-col-33 elementor-top-column elementor-element elementor-element-59dcf35\" data-id=\"59dcf35\" data-element_type=\"column\" data-e-type=\"column\">\n\t\t\t<div class=\"elementor-widget-wrap elementor-element-populated\">\n\t\t\t\t\t\t<div class=\"elementor-element elementor-element-86b107d elementor-widget elementor-widget-text-editor\" data-id=\"86b107d\" data-element_type=\"widget\" data-e-type=\"widget\" data-widget_type=\"text-editor.default\">\n\t\t\t\t<div class=\"elementor-widget-container\">\n\t\t\t\t\t\t\t\t\t<h6><a href=\"mailto:info@lucpouliot.com\">Envoyez-moi un courriel<\/a><\/h6>\t\t\t\t\t\t\t\t<\/div>\n\t\t\t\t<\/div>\n\t\t\t\t\t<\/div>\n\t\t<\/div>\n\t\t\t\t\t<\/div>\n\t\t<\/section>\n\t\t\t\t<\/div>\n\t\t","protected":false},"excerpt":{"rendered":"<p>Une personnalit\u00e9 aux multiples facettes J\u2019ai d\u00e9couvert la photographie au c\u00e9gep Lionel-Groulx, au milieu des ann\u00e9es 1980, \u00e0 l\u2019\u00e9poque de l\u2019argentique et des chambres noires. [&hellip;]<\/p>\n","protected":false},"author":1,"featured_media":0,"parent":0,"menu_order":0,"comment_status":"closed","ping_status":"closed","template":"","meta":{"footnotes":""},"class_list":["post-72","page","type-page","status-publish","hentry"],"_links":{"self":[{"href":"https:\/\/lucpouliot.com\/index.php?rest_route=\/wp\/v2\/pages\/72","targetHints":{"allow":["GET"]}}],"collection":[{"href":"https:\/\/lucpouliot.com\/index.php?rest_route=\/wp\/v2\/pages"}],"about":[{"href":"https:\/\/lucpouliot.com\/index.php?rest_route=\/wp\/v2\/types\/page"}],"author":[{"embeddable":true,"href":"https:\/\/lucpouliot.com\/index.php?rest_route=\/wp\/v2\/users\/1"}],"replies":[{"embeddable":true,"href":"https:\/\/lucpouliot.com\/index.php?rest_route=%2Fwp%2Fv2%2Fcomments&post=72"}],"version-history":[{"count":18,"href":"https:\/\/lucpouliot.com\/index.php?rest_route=\/wp\/v2\/pages\/72\/revisions"}],"predecessor-version":[{"id":2347,"href":"https:\/\/lucpouliot.com\/index.php?rest_route=\/wp\/v2\/pages\/72\/revisions\/2347"}],"wp:attachment":[{"href":"https:\/\/lucpouliot.com\/index.php?rest_route=%2Fwp%2Fv2%2Fmedia&parent=72"}],"curies":[{"name":"wp","href":"https:\/\/api.w.org\/{rel}","templated":true}]}}